{"id":1647,"date":"2024-04-10T11:56:30","date_gmt":"2024-04-10T14:56:30","guid":{"rendered":"https:\/\/massin.com.ar\/?post_type=product&#038;p=1647"},"modified":"2025-10-15T20:40:39","modified_gmt":"2025-10-15T23:40:39","slug":"hidea-40-fhs","status":"publish","type":"product","link":"https:\/\/massin.com.ar\/index.php\/producto\/hidea-40-fhs\/","title":{"rendered":"I-Hidea 40 FES\/FEL"},"content":{"rendered":"<p>HP: 40<\/p>\n<p>CILINDRADA: 703 CC<\/p>\n<p>EQUIPAMIENTO: El\u00e9ctrico<\/p>\n<p>CILINDROS: 12<\/p>\n<p>V\u00c1LVULAS: No corresponde<\/p>\n<p>PESO: 65 kg<\/p>\n<p>PATA: Est\u00e1ndar<\/p>\n<p>SISTEMA: 2 Tiempos<\/p>\n<p>&nbsp;<\/p>\n","protected":false},"excerpt":{"rendered":"<p>HP: 40 CILINDRADA: 703 CC EQUIPAMIENTO: El\u00e9ctrico CILINDROS: 12 V\u00c1LVULAS: No corresponde PESO: 65 kg PATA: Est\u00e1ndar SISTEMA: 2 Tiempos &nbsp;<\/p>\n","protected":false},"featured_media":5887,"template":"","meta":{"site-sidebar-layout":"default","site-content-layout":"","ast-site-content-layout":"default","site-content-style":"default","site-sidebar-style":"default","ast-global-header-display":"","ast-banner-title-visibility":"","ast-main-header-display":"","ast-hfb-above-header-display":"","ast-hfb-below-header-display":"","ast-hfb-mobile-header-display":"","site-post-title":"","ast-breadcrumbs-content":"","ast-featured-img":"","footer-sml-layout":"","ast-disable-related-posts":"","theme-transparent-header-meta":"default","adv-header-id-meta":"","stick-header-meta":"default","header-above-stick-meta":"","header-main-stick-meta":"","header-below-stick-meta":"","astra-migrate-meta-layouts":"set","ast-page-background-enabled":"default","ast-page-background-meta":{"desktop":{"background-color":"","background-image":"","background-repeat":"repeat","background-position":"center center","background-size":"auto","background-attachment":"scroll","background-type":"","background-media":"","overlay-type":"","overlay-color":"","overlay-opacity":"","overlay-gradient":""},"tablet":{"background-color":"","background-image":"","background-repeat":"repeat","background-position":"center center","background-size":"auto","background-attachment":"scroll","background-type":"","background-media":"","overlay-type":"","overlay-color":"","overlay-opacity":"","overlay-gradient":""},"mobile":{"background-color":"","background-image":"","background-repeat":"repeat","background-position":"center center","background-size":"auto","background-attachment":"scroll","background-type":"","background-media":"","overlay-type":"","overlay-color":"","overlay-opacity":"","overlay-gradient":""}},"ast-content-background-meta":{"desktop":{"background-color":"var(--ast-global-color-5)","background-image":"","background-repeat":"repeat","background-position":"center center","background-size":"auto","background-attachment":"scroll","background-type":"","background-media":"","overlay-type":"","overlay-color":"","overlay-opacity":"","overlay-gradient":""},"tablet":{"background-color":"var(--ast-global-color-5)","background-image":"","background-repeat":"repeat","background-position":"center center","background-size":"auto","background-attachment":"scroll","background-type":"","background-media":"","overlay-type":"","overlay-color":"","overlay-opacity":"","overlay-gradient":""},"mobile":{"background-color":"var(--ast-global-color-5)","background-image":"","background-repeat":"repeat","background-position":"center center","background-size":"auto","background-attachment":"scroll","background-type":"","background-media":"","overlay-type":"","overlay-color":"","overlay-opacity":"","overlay-gradient":""}}},"product_brand":[],"product_cat":[89],"product_tag":[],"class_list":{"0":"post-1647","1":"product","2":"type-product","3":"status-publish","4":"has-post-thumbnail","6":"product_cat-2-tiempos-hidea-motores","7":"desktop-align-center","8":"tablet-align-left","9":"mobile-align-left","11":"first","12":"instock","13":"shipping-taxable","14":"product-type-simple"},"jetpack_sharing_enabled":true,"_links":{"self":[{"href":"https:\/\/massin.com.ar\/index.php\/wp-json\/wp\/v2\/product\/1647","targetHints":{"allow":["GET"]}}],"collection":[{"href":"https:\/\/massin.com.ar\/index.php\/wp-json\/wp\/v2\/product"}],"about":[{"href":"https:\/\/massin.com.ar\/index.php\/wp-json\/wp\/v2\/types\/product"}],"wp:featuredmedia":[{"embeddable":true,"href":"https:\/\/massin.com.ar\/index.php\/wp-json\/wp\/v2\/media\/5887"}],"wp:attachment":[{"href":"https:\/\/massin.com.ar\/index.php\/wp-json\/wp\/v2\/media?parent=1647"}],"wp:term":[{"taxonomy":"product_brand","embeddable":true,"href":"https:\/\/massin.com.ar\/index.php\/wp-json\/wp\/v2\/product_brand?post=1647"},{"taxonomy":"product_cat","embeddable":true,"href":"https:\/\/massin.com.ar\/index.php\/wp-json\/wp\/v2\/product_cat?post=1647"},{"taxonomy":"product_tag","embeddable":true,"href":"https:\/\/massin.com.ar\/index.php\/wp-json\/wp\/v2\/product_tag?post=1647"}],"curies":[{"name":"wp","href":"https:\/\/api.w.org\/{rel}","templated":true}]}}