{"id":1762,"date":"2024-04-10T11:57:00","date_gmt":"2024-04-10T14:57:00","guid":{"rendered":"https:\/\/massin.com.ar\/?post_type=product&#038;p=1762"},"modified":"2026-04-01T19:04:42","modified_gmt":"2026-04-01T22:04:42","slug":"sport-160m","status":"publish","type":"product","link":"https:\/\/massin.com.ar\/index.php\/producto\/sport-160m\/","title":{"rendered":"Sport 160M"},"content":{"rendered":"<p>FICHA TECNICA<\/p>\n<p>Eslora, 4.90 mts<br \/>\nManga,1.98 mts<br \/>\nPuntal 0.92 mts<\/p>\n<p>La Sport 160 M fue espec\u00edficamente buscada y seleccionada por La empresa, para cubrir la demanda de calidad y terminaciones que las lanchas de 16 pies requieren en el mercado n\u00e1utico actual.<br \/>\nEsta hermosa 16 pies se sit\u00faa entre las que navegan de manera \u00f3ptima desde los 40hp , por lo que lidera el segmento de las 15 y 16 pies en conjunto , sobria, amplia con detalles de lujo que marcan la diferencia. este particular modelo lleg\u00f3 para quedarse !!!<\/p>\n<div class=\"ast-oembed-container \" style=\"height: 100%;\"><iframe title=\"TEST LANCHA SPORT 160M  MATRIZADA FULL  (Nuestra L\u00ednea Exclusiva de  embarcaciones)\" width=\"500\" height=\"281\" src=\"https:\/\/www.youtube.com\/embed\/lbINxOiSKcA?feature=oembed\" frameborder=\"0\" allow=\"accelerometer; autoplay; clipboard-write; encrypted-media; gyroscope; picture-in-picture; web-share\" referrerpolicy=\"strict-origin-when-cross-origin\" allowfullscreen><\/iframe><\/div>\n","protected":false},"excerpt":{"rendered":"<p>FICHA TECNICA Eslora, 4.90 mts Manga,1.98 mts Puntal 0.92 mts La Sport 160 M fue espec\u00edficamente buscada y seleccionada por La empresa, para cubrir la demanda de calidad y terminaciones que las lanchas de 16 pies requieren en el mercado n\u00e1utico actual. Esta hermosa 16 pies se sit\u00faa entre las que navegan de manera \u00f3ptima [&hellip;]<\/p>\n","protected":false},"featured_media":6918,"template":"","meta":{"site-sidebar-layout":"default","site-content-layout":"","ast-site-content-layout":"default","site-content-style":"default","site-sidebar-style":"default","ast-global-header-display":"","ast-banner-title-visibility":"","ast-main-header-display":"","ast-hfb-above-header-display":"","ast-hfb-below-header-display":"","ast-hfb-mobile-header-display":"","site-post-title":"","ast-breadcrumbs-content":"","ast-featured-img":"","footer-sml-layout":"","ast-disable-related-posts":"","theme-transparent-header-meta":"default","adv-header-id-meta":"","stick-header-meta":"default","header-above-stick-meta":"","header-main-stick-meta":"","header-below-stick-meta":"","astra-migrate-meta-layouts":"set","ast-page-background-enabled":"default","ast-page-background-meta":{"desktop":{"background-color":"","background-image":"","background-repeat":"repeat","background-position":"center center","background-size":"auto","background-attachment":"scroll","background-type":"","background-media":"","overlay-type":"","overlay-color":"","overlay-opacity":"","overlay-gradient":""},"tablet":{"background-color":"","background-image":"","background-repeat":"repeat","background-position":"center center","background-size":"auto","background-attachment":"scroll","background-type":"","background-media":"","overlay-type":"","overlay-color":"","overlay-opacity":"","overlay-gradient":""},"mobile":{"background-color":"","background-image":"","background-repeat":"repeat","background-position":"center center","background-size":"auto","background-attachment":"scroll","background-type":"","background-media":"","overlay-type":"","overlay-color":"","overlay-opacity":"","overlay-gradient":""}},"ast-content-background-meta":{"desktop":{"background-color":"var(--ast-global-color-5)","background-image":"","background-repeat":"repeat","background-position":"center center","background-size":"auto","background-attachment":"scroll","background-type":"","background-media":"","overlay-type":"","overlay-color":"","overlay-opacity":"","overlay-gradient":""},"tablet":{"background-color":"var(--ast-global-color-5)","background-image":"","background-repeat":"repeat","background-position":"center center","background-size":"auto","background-attachment":"scroll","background-type":"","background-media":"","overlay-type":"","overlay-color":"","overlay-opacity":"","overlay-gradient":""},"mobile":{"background-color":"var(--ast-global-color-5)","background-image":"","background-repeat":"repeat","background-position":"center center","background-size":"auto","background-attachment":"scroll","background-type":"","background-media":"","overlay-type":"","overlay-color":"","overlay-opacity":"","overlay-gradient":""}}},"product_brand":[],"product_cat":[102,77],"product_tag":[],"class_list":{"0":"post-1762","1":"product","2":"type-product","3":"status-publish","4":"has-post-thumbnail","6":"product_cat-linea-m","7":"product_cat-sport","8":"desktop-align-center","9":"tablet-align-left","10":"mobile-align-left","12":"first","13":"instock","14":"shipping-taxable","15":"product-type-simple"},"jetpack_sharing_enabled":true,"_links":{"self":[{"href":"https:\/\/massin.com.ar\/index.php\/wp-json\/wp\/v2\/product\/1762","targetHints":{"allow":["GET"]}}],"collection":[{"href":"https:\/\/massin.com.ar\/index.php\/wp-json\/wp\/v2\/product"}],"about":[{"href":"https:\/\/massin.com.ar\/index.php\/wp-json\/wp\/v2\/types\/product"}],"wp:featuredmedia":[{"embeddable":true,"href":"https:\/\/massin.com.ar\/index.php\/wp-json\/wp\/v2\/media\/6918"}],"wp:attachment":[{"href":"https:\/\/massin.com.ar\/index.php\/wp-json\/wp\/v2\/media?parent=1762"}],"wp:term":[{"taxonomy":"product_brand","embeddable":true,"href":"https:\/\/massin.com.ar\/index.php\/wp-json\/wp\/v2\/product_brand?post=1762"},{"taxonomy":"product_cat","embeddable":true,"href":"https:\/\/massin.com.ar\/index.php\/wp-json\/wp\/v2\/product_cat?post=1762"},{"taxonomy":"product_tag","embeddable":true,"href":"https:\/\/massin.com.ar\/index.php\/wp-json\/wp\/v2\/product_tag?post=1762"}],"curies":[{"name":"wp","href":"https:\/\/api.w.org\/{rel}","templated":true}]}}