{"id":4348,"date":"2025-02-18T19:14:09","date_gmt":"2025-02-18T22:14:09","guid":{"rendered":"https:\/\/massin.com.ar\/?post_type=product&#038;p=4348"},"modified":"2026-03-30T20:24:15","modified_gmt":"2026-03-30T23:24:15","slug":"albatros-530-nueva-linea","status":"publish","type":"product","link":"https:\/\/massin.com.ar\/index.php\/producto\/albatros-530-nueva-linea\/","title":{"rendered":"ALBATROS 530 NUEVA L\u00cdNEA"},"content":{"rendered":"<p>ALBATROS 530 NUEVA L\u00cdNEA<\/p>\n<p>FICHA T\u00c9CNICA.<\/p>\n<p>Eslora: 5.30 m.<\/p>\n<p>Manga: 2 m.<\/p>\n<p>Puntal m\u00e1ximo: 1 m (0.76 promedio).<\/p>\n<p>Capacidad de personas: 6.<\/p>\n<p>Capacidad de peso transportable: 800 kg.<\/p>\n<p>Potencia m\u00e1xima: 90 HP.<\/p>\n<p>&nbsp;<\/p>\n<p>En proa se presentan tres asientos, grandes tambuchos con tapa para guardar salvavidas, indumentaria para que no se humedezca, comida para llevar en la jornada de pesca. Hay guanteras abiertas, pasacanas y muy importante: posavasos o porta latas de acero inoxidable.<\/p>\n<p>El parabrisas curvo, de vidrio templado y de 5 pa\u00f1os, se encuentra m\u00e1s elevado que la edici\u00f3n anterior, para tener una mejor visibilidad; es robusto, resisti\u00f3 adecuadamente los cimbronazos del golpeteo de las olas, est\u00e1 sostenido por dos nuevas consolas del color del casco.<\/p>\n<p>&nbsp;<\/p>\n<p>El timonel tiene una consola para colocar todo el instrumental del motor, volante deportivo y la del acompa\u00f1ante trae guantera con tapa y cerradura, ambas tienen portalatas. Hay pr\u00e1cticas guanteras abiertas en ambas bandas.<\/p>\n<p>Los asientos elegidos por el cliente son butacas deportivas individuales, y se ubican definitivamente seg\u00fan la altura del comprador.<\/p>\n<p>En popa hay una muy \u00fatil mesa rebatible realizada en pl\u00e1stico reforzado, que hace las veces de tapa de la sentina, con cerradura para guardar objetos de valor en la guarder\u00eda n\u00e1utica; sobre la mesa hay lugar para que no se nos derramen las bebidas y, a ambos lados, asientos tapizados y moldeados en el casco, con tambuchos debajo de \u00e9stos. El cliente puede solicitar que se instalen planchadas de casteo y escalera rebatible de acero inoxidable.<\/p>\n<p>El fondo del casco es t\u00edpico de un tracker, plano con quilla central maciza, que puede equiparse con motores de baja potencia hasta 90 caballos, en este caso se equip\u00f3 con un Mercury 90 HP, 4 tiempos, para poder llevar a toda la familia y los amigos sin problemas. Casco con piso completamente matrizado, botazo perimetral en PVC, c\u00e1ncamos y cornamusas bien ubicados.<\/p>\n<div class=\"ast-oembed-container \" style=\"height: 100%;\"><iframe title=\"FICHA T\u00c9CNICA NUEVO TRACKER ALBATROS 530\" width=\"500\" height=\"281\" src=\"https:\/\/www.youtube.com\/embed\/1iR6_lfNXOg?feature=oembed\" frameborder=\"0\" allow=\"accelerometer; autoplay; clipboard-write; encrypted-media; gyroscope; picture-in-picture; web-share\" referrerpolicy=\"strict-origin-when-cross-origin\" allowfullscreen><\/iframe><\/div>\n","protected":false},"excerpt":{"rendered":"<p>ALBATROS 530 NUEVA L\u00cdNEA FICHA T\u00c9CNICA. Eslora: 5.30 m. Manga: 2 m. Puntal m\u00e1ximo: 1 m (0.76 promedio). Capacidad de personas: 6. Capacidad de peso transportable: 800 kg. Potencia m\u00e1xima: 90 HP. &nbsp; En proa se presentan tres asientos, grandes tambuchos con tapa para guardar salvavidas, indumentaria para que no se humedezca, comida para llevar [&hellip;]<\/p>\n","protected":false},"featured_media":6885,"template":"","meta":{"site-sidebar-layout":"default","site-content-layout":"","ast-site-content-layout":"default","site-content-style":"default","site-sidebar-style":"default","ast-global-header-display":"","ast-banner-title-visibility":"","ast-main-header-display":"","ast-hfb-above-header-display":"","ast-hfb-below-header-display":"","ast-hfb-mobile-header-display":"","site-post-title":"","ast-breadcrumbs-content":"","ast-featured-img":"","footer-sml-layout":"","ast-disable-related-posts":"","theme-transparent-header-meta":"default","adv-header-id-meta":"","stick-header-meta":"default","header-above-stick-meta":"","header-main-stick-meta":"","header-below-stick-meta":"","astra-migrate-meta-layouts":"set","ast-page-background-enabled":"default","ast-page-background-meta":{"desktop":{"background-color":"","background-image":"","background-repeat":"repeat","background-position":"center center","background-size":"auto","background-attachment":"scroll","background-type":"","background-media":"","overlay-type":"","overlay-color":"","overlay-opacity":"","overlay-gradient":""},"tablet":{"background-color":"","background-image":"","background-repeat":"repeat","background-position":"center center","background-size":"auto","background-attachment":"scroll","background-type":"","background-media":"","overlay-type":"","overlay-color":"","overlay-opacity":"","overlay-gradient":""},"mobile":{"background-color":"","background-image":"","background-repeat":"repeat","background-position":"center center","background-size":"auto","background-attachment":"scroll","background-type":"","background-media":"","overlay-type":"","overlay-color":"","overlay-opacity":"","overlay-gradient":""}},"ast-content-background-meta":{"desktop":{"background-color":"var(--ast-global-color-5)","background-image":"","background-repeat":"repeat","background-position":"center center","background-size":"auto","background-attachment":"scroll","background-type":"","background-media":"","overlay-type":"","overlay-color":"","overlay-opacity":"","overlay-gradient":""},"tablet":{"background-color":"var(--ast-global-color-5)","background-image":"","background-repeat":"repeat","background-position":"center center","background-size":"auto","background-attachment":"scroll","background-type":"","background-media":"","overlay-type":"","overlay-color":"","overlay-opacity":"","overlay-gradient":""},"mobile":{"background-color":"var(--ast-global-color-5)","background-image":"","background-repeat":"repeat","background-position":"center center","background-size":"auto","background-attachment":"scroll","background-type":"","background-media":"","overlay-type":"","overlay-color":"","overlay-opacity":"","overlay-gradient":""}}},"product_brand":[],"product_cat":[120],"product_tag":[],"class_list":{"0":"post-4348","1":"product","2":"type-product","3":"status-publish","4":"has-post-thumbnail","6":"product_cat-albatros","7":"desktop-align-center","8":"tablet-align-left","9":"mobile-align-left","11":"first","12":"instock","13":"shipping-taxable","14":"product-type-simple"},"jetpack_sharing_enabled":true,"_links":{"self":[{"href":"https:\/\/massin.com.ar\/index.php\/wp-json\/wp\/v2\/product\/4348","targetHints":{"allow":["GET"]}}],"collection":[{"href":"https:\/\/massin.com.ar\/index.php\/wp-json\/wp\/v2\/product"}],"about":[{"href":"https:\/\/massin.com.ar\/index.php\/wp-json\/wp\/v2\/types\/product"}],"wp:featuredmedia":[{"embeddable":true,"href":"https:\/\/massin.com.ar\/index.php\/wp-json\/wp\/v2\/media\/6885"}],"wp:attachment":[{"href":"https:\/\/massin.com.ar\/index.php\/wp-json\/wp\/v2\/media?parent=4348"}],"wp:term":[{"taxonomy":"product_brand","embeddable":true,"href":"https:\/\/massin.com.ar\/index.php\/wp-json\/wp\/v2\/product_brand?post=4348"},{"taxonomy":"product_cat","embeddable":true,"href":"https:\/\/massin.com.ar\/index.php\/wp-json\/wp\/v2\/product_cat?post=4348"},{"taxonomy":"product_tag","embeddable":true,"href":"https:\/\/massin.com.ar\/index.php\/wp-json\/wp\/v2\/product_tag?post=4348"}],"curies":[{"name":"wp","href":"https:\/\/api.w.org\/{rel}","templated":true}]}}