{"id":4354,"date":"2025-02-19T19:21:23","date_gmt":"2025-02-19T22:21:23","guid":{"rendered":"https:\/\/massin.com.ar\/?post_type=product&#038;p=4354"},"modified":"2026-03-28T12:31:26","modified_gmt":"2026-03-28T15:31:26","slug":"canestrari-178-open","status":"publish","type":"product","link":"https:\/\/massin.com.ar\/index.php\/producto\/canestrari-178-open\/","title":{"rendered":"B-CANESTRARI 178 OPEN"},"content":{"rendered":"<p>FICHA TECNICA<\/p>\n<p>Eslora<\/p>\n<p>5,35 mts<\/p>\n<p>Manga<\/p>\n<p>2,25 mts<\/p>\n<p>Puntal<\/p>\n<p>1,15 mts<\/p>\n<p>Combustible<\/p>\n<p>80 lts<\/p>\n<p>Capacidad :7 Personas<\/p>\n<p>ACCESORIOS<\/p>\n<p>Est\u00e9reo con dos parlantes<\/p>\n<p>Tapizado completo<\/p>\n<p>Escalera extensible<\/p>\n<p>Bomba de achique<\/p>\n<p>Tono proa<\/p>\n<p>Luces navegaci\u00f3n<\/p>\n<p>Guantera<\/p>\n<p>Cornamusas embutidas<\/p>\n<p>Corte bater\u00eda<\/p>\n<p>Conservadora en popa<\/p>\n<p>&nbsp;<\/p>\n<div class=\"ast-oembed-container \" style=\"height: 100%;\"><iframe title=\"Canestrari 178 , Lo mejor en 18 pies esta en Massin Outdoor!\" width=\"422\" height=\"750\" src=\"https:\/\/www.youtube.com\/embed\/jg2E6VVh-mM?feature=oembed\" frameborder=\"0\" allow=\"accelerometer; autoplay; clipboard-write; encrypted-media; gyroscope; picture-in-picture; web-share\" referrerpolicy=\"strict-origin-when-cross-origin\" allowfullscreen><\/iframe><\/div>\n","protected":false},"excerpt":{"rendered":"<p>FICHA TECNICA Eslora 5,35 mts Manga 2,25 mts Puntal 1,15 mts Combustible 80 lts Capacidad :7 Personas ACCESORIOS Est\u00e9reo con dos parlantes Tapizado completo Escalera extensible Bomba de achique Tono proa Luces navegaci\u00f3n Guantera Cornamusas embutidas Corte bater\u00eda Conservadora en popa &nbsp;<\/p>\n","protected":false},"featured_media":6864,"template":"","meta":{"site-sidebar-layout":"default","site-content-layout":"","ast-site-content-layout":"default","site-content-style":"default","site-sidebar-style":"default","ast-global-header-display":"","ast-banner-title-visibility":"","ast-main-header-display":"","ast-hfb-above-header-display":"","ast-hfb-below-header-display":"","ast-hfb-mobile-header-display":"","site-post-title":"","ast-breadcrumbs-content":"","ast-featured-img":"","footer-sml-layout":"","ast-disable-related-posts":"","theme-transparent-header-meta":"default","adv-header-id-meta":"","stick-header-meta":"default","header-above-stick-meta":"","header-main-stick-meta":"","header-below-stick-meta":"","astra-migrate-meta-layouts":"set","ast-page-background-enabled":"default","ast-page-background-meta":{"desktop":{"background-color":"","background-image":"","background-repeat":"repeat","background-position":"center center","background-size":"auto","background-attachment":"scroll","background-type":"","background-media":"","overlay-type":"","overlay-color":"","overlay-opacity":"","overlay-gradient":""},"tablet":{"background-color":"","background-image":"","background-repeat":"repeat","background-position":"center center","background-size":"auto","background-attachment":"scroll","background-type":"","background-media":"","overlay-type":"","overlay-color":"","overlay-opacity":"","overlay-gradient":""},"mobile":{"background-color":"","background-image":"","background-repeat":"repeat","background-position":"center center","background-size":"auto","background-attachment":"scroll","background-type":"","background-media":"","overlay-type":"","overlay-color":"","overlay-opacity":"","overlay-gradient":""}},"ast-content-background-meta":{"desktop":{"background-color":"var(--ast-global-color-5)","background-image":"","background-repeat":"repeat","background-position":"center center","background-size":"auto","background-attachment":"scroll","background-type":"","background-media":"","overlay-type":"","overlay-color":"","overlay-opacity":"","overlay-gradient":""},"tablet":{"background-color":"var(--ast-global-color-5)","background-image":"","background-repeat":"repeat","background-position":"center center","background-size":"auto","background-attachment":"scroll","background-type":"","background-media":"","overlay-type":"","overlay-color":"","overlay-opacity":"","overlay-gradient":""},"mobile":{"background-color":"var(--ast-global-color-5)","background-image":"","background-repeat":"repeat","background-position":"center center","background-size":"auto","background-attachment":"scroll","background-type":"","background-media":"","overlay-type":"","overlay-color":"","overlay-opacity":"","overlay-gradient":""}}},"product_brand":[],"product_cat":[121],"product_tag":[],"class_list":{"0":"post-4354","1":"product","2":"type-product","3":"status-publish","4":"has-post-thumbnail","6":"product_cat-canestrari","7":"desktop-align-center","8":"tablet-align-left","9":"mobile-align-left","11":"first","12":"instock","13":"shipping-taxable","14":"product-type-simple"},"jetpack_sharing_enabled":true,"_links":{"self":[{"href":"https:\/\/massin.com.ar\/index.php\/wp-json\/wp\/v2\/product\/4354","targetHints":{"allow":["GET"]}}],"collection":[{"href":"https:\/\/massin.com.ar\/index.php\/wp-json\/wp\/v2\/product"}],"about":[{"href":"https:\/\/massin.com.ar\/index.php\/wp-json\/wp\/v2\/types\/product"}],"wp:featuredmedia":[{"embeddable":true,"href":"https:\/\/massin.com.ar\/index.php\/wp-json\/wp\/v2\/media\/6864"}],"wp:attachment":[{"href":"https:\/\/massin.com.ar\/index.php\/wp-json\/wp\/v2\/media?parent=4354"}],"wp:term":[{"taxonomy":"product_brand","embeddable":true,"href":"https:\/\/massin.com.ar\/index.php\/wp-json\/wp\/v2\/product_brand?post=4354"},{"taxonomy":"product_cat","embeddable":true,"href":"https:\/\/massin.com.ar\/index.php\/wp-json\/wp\/v2\/product_cat?post=4354"},{"taxonomy":"product_tag","embeddable":true,"href":"https:\/\/massin.com.ar\/index.php\/wp-json\/wp\/v2\/product_tag?post=4354"}],"curies":[{"name":"wp","href":"https:\/\/api.w.org\/{rel}","templated":true}]}}