{"id":4626,"date":"2025-04-08T20:26:41","date_gmt":"2025-04-08T23:26:41","guid":{"rendered":"https:\/\/massin.com.ar\/?post_type=product&#038;p=4626"},"modified":"2025-10-16T20:26:10","modified_gmt":"2025-10-16T23:26:10","slug":"suzuki-df175a","status":"publish","type":"product","link":"https:\/\/massin.com.ar\/index.php\/producto\/suzuki-df175a\/","title":{"rendered":"M-SUZUKI DF175A"},"content":{"rendered":"<pre id=\"tw-target-text\" class=\"tw-data-text tw-text-large tw-ta\" dir=\"ltr\" data-placeholder=\"Traducci\u00f3n\" data-ved=\"2ahUKEwi4y9OMq8mMAxUlr5UCHU5lHV0Q3ewLegQICBAV\" aria-label=\"Texto traducido: Color de la carrocer\u00eda Negro Nebular Perlado o Blanco Altura recomendada del espejo de popa (pulgadas) L: 20 X: 25 Sistema de arranque El\u00e9ctrico Peso en libras Controles mec\u00e1nicos: L: 511 X: 529 \/ Transmisi\u00f3n electr\u00f3nica: L: 520 X: 531 Tipo de motor DOHC de 16 v\u00e1lvulas Sistema de suministro de combustible Inyecci\u00f3n electr\u00f3nica secuencial multipunto N.\u00b0 de cilindros 4 Cilindrada (pulgadas) (cc) 174.9 (2867) Di\u00e1metro x carrera (pulgadas) (mm) 3.81 x 3.81 (97 x 97) Potencia m\u00e1xima (HP) 175 Rango de funcionamiento (RPM) 5500-6100 Direcci\u00f3n Remota Estrofaros N\/A Capacidad del c\u00e1rter de aceite (litros) 8.5 (8.0) Sistema de encendido De estado s\u00f3lido directo Encendido Alternador 12 V 44 A Posici\u00f3n de compensaci\u00f3n Compensaci\u00f3n e inclinaci\u00f3n asistidas Relaci\u00f3n de transmisi\u00f3n 2,50:1 H\u00e9lice est\u00e1ndar Opcional: consultar con el concesionario Controles Mec\u00e1nicos o digitales\"><strong><span class=\"Y2IQFc\" lang=\"es\">Sistema de arranque : El\u00e9ctrico \r\nPeso :240 kg.\r\nCilindros : 4\r\nTipo de Motor : 4T\r\nPotencia M\u00e1xima : HP 175\r\n\r\n\r\n<\/span><\/strong><\/pre>\n","protected":false},"excerpt":{"rendered":"<p>Sistema de arranque : El\u00e9ctrico Peso :240 kg. Cilindros : 4 Tipo de Motor : 4T Potencia M\u00e1xima : HP 175<\/p>\n","protected":false},"featured_media":4627,"template":"","meta":{"site-sidebar-layout":"default","site-content-layout":"","ast-site-content-layout":"default","site-content-style":"default","site-sidebar-style":"default","ast-global-header-display":"","ast-banner-title-visibility":"","ast-main-header-display":"","ast-hfb-above-header-display":"","ast-hfb-below-header-display":"","ast-hfb-mobile-header-display":"","site-post-title":"","ast-breadcrumbs-content":"","ast-featured-img":"","footer-sml-layout":"","ast-disable-related-posts":"","theme-transparent-header-meta":"default","adv-header-id-meta":"","stick-header-meta":"default","header-above-stick-meta":"","header-main-stick-meta":"","header-below-stick-meta":"","astra-migrate-meta-layouts":"set","ast-page-background-enabled":"default","ast-page-background-meta":{"desktop":{"background-color":"","background-image":"","background-repeat":"repeat","background-position":"center center","background-size":"auto","background-attachment":"scroll","background-type":"","background-media":"","overlay-type":"","overlay-color":"","overlay-opacity":"","overlay-gradient":""},"tablet":{"background-color":"","background-image":"","background-repeat":"repeat","background-position":"center center","background-size":"auto","background-attachment":"scroll","background-type":"","background-media":"","overlay-type":"","overlay-color":"","overlay-opacity":"","overlay-gradient":""},"mobile":{"background-color":"","background-image":"","background-repeat":"repeat","background-position":"center center","background-size":"auto","background-attachment":"scroll","background-type":"","background-media":"","overlay-type":"","overlay-color":"","overlay-opacity":"","overlay-gradient":""}},"ast-content-background-meta":{"desktop":{"background-color":"var(--ast-global-color-5)","background-image":"","background-repeat":"repeat","background-position":"center center","background-size":"auto","background-attachment":"scroll","background-type":"","background-media":"","overlay-type":"","overlay-color":"","overlay-opacity":"","overlay-gradient":""},"tablet":{"background-color":"var(--ast-global-color-5)","background-image":"","background-repeat":"repeat","background-position":"center center","background-size":"auto","background-attachment":"scroll","background-type":"","background-media":"","overlay-type":"","overlay-color":"","overlay-opacity":"","overlay-gradient":""},"mobile":{"background-color":"var(--ast-global-color-5)","background-image":"","background-repeat":"repeat","background-position":"center center","background-size":"auto","background-attachment":"scroll","background-type":"","background-media":"","overlay-type":"","overlay-color":"","overlay-opacity":"","overlay-gradient":""}}},"product_brand":[],"product_cat":[124],"product_tag":[],"class_list":{"0":"post-4626","1":"product","2":"type-product","3":"status-publish","4":"has-post-thumbnail","6":"product_cat-4-tiempos-suzuki","7":"desktop-align-center","8":"tablet-align-left","9":"mobile-align-left","11":"first","12":"instock","13":"shipping-taxable","14":"product-type-simple"},"jetpack_sharing_enabled":true,"_links":{"self":[{"href":"https:\/\/massin.com.ar\/index.php\/wp-json\/wp\/v2\/product\/4626","targetHints":{"allow":["GET"]}}],"collection":[{"href":"https:\/\/massin.com.ar\/index.php\/wp-json\/wp\/v2\/product"}],"about":[{"href":"https:\/\/massin.com.ar\/index.php\/wp-json\/wp\/v2\/types\/product"}],"wp:featuredmedia":[{"embeddable":true,"href":"https:\/\/massin.com.ar\/index.php\/wp-json\/wp\/v2\/media\/4627"}],"wp:attachment":[{"href":"https:\/\/massin.com.ar\/index.php\/wp-json\/wp\/v2\/media?parent=4626"}],"wp:term":[{"taxonomy":"product_brand","embeddable":true,"href":"https:\/\/massin.com.ar\/index.php\/wp-json\/wp\/v2\/product_brand?post=4626"},{"taxonomy":"product_cat","embeddable":true,"href":"https:\/\/massin.com.ar\/index.php\/wp-json\/wp\/v2\/product_cat?post=4626"},{"taxonomy":"product_tag","embeddable":true,"href":"https:\/\/massin.com.ar\/index.php\/wp-json\/wp\/v2\/product_tag?post=4626"}],"curies":[{"name":"wp","href":"https:\/\/api.w.org\/{rel}","templated":true}]}}