{"id":4637,"date":"2025-04-09T18:10:19","date_gmt":"2025-04-09T21:10:19","guid":{"rendered":"https:\/\/massin.com.ar\/?post_type=product&#038;p=4637"},"modified":"2025-10-16T20:11:23","modified_gmt":"2025-10-16T23:11:23","slug":"suzuki-df6a","status":"publish","type":"product","link":"https:\/\/massin.com.ar\/index.php\/producto\/suzuki-df6a\/","title":{"rendered":"B-SUZUKI DF6A"},"content":{"rendered":"<pre id=\"tw-target-text\" class=\"tw-data-text tw-text-large tw-ta\" dir=\"ltr\" data-placeholder=\"Traducci\u00f3n\" data-ved=\"2ahUKEwjEzNvY6suMAxVTqpUCHQ9vB2wQ3ewLegQICRAV\" aria-label=\"Texto traducido: Color de la carrocer\u00eda Negro Nebular Perlado o Blanco Altura recomendada del espejo de popa (pulgadas) S: 15 L: 20 Sistema de arranque Manual Peso en libras S: 55 L: 57 Tipo de motor OHV de 2 v\u00e1lvulas Sistema de suministro de combustible Carburador N.\u00b0 de cilindros 1 Cilindrada (pulgadas) 8.4 (138) Di\u00e1metro x carrera (pulgadas) 2.44 x 1.81 (62 x 46) Potencia m\u00e1xima (HP) 6 Rango de funcionamiento (RPM) 4750 - 5750 Direcci\u00f3n Ca\u00f1a del tim\u00f3n Estrujador Manual Capacidad del c\u00e1rter de aceite (litros) 0.74 (0.7) Sistema de encendido CDI digital Alternador 12 V 6 A (opcional) Posici\u00f3n de compensaci\u00f3n 5 posiciones del pasador de inclinaci\u00f3n Marcha Relaci\u00f3n 1,92:1 H\u00e9lice est\u00e1ndar 3 x 7,5 x 6,5 Selecci\u00f3n de h\u00e9lice 6 - 7\"><strong><span class=\"Y2IQFc\" lang=\"es\">Sistema de arranque: Manual \r\nPeso : 25 kg\r\nTipo de motor : 4T\r\ncilindros : 1\r\nPotencia M\u00e1xima :(HP) 6\r\n\r\n\r\n<\/span><\/strong><\/pre>\n","protected":false},"excerpt":{"rendered":"<p>Sistema de arranque: Manual Peso : 25 kg Tipo de motor : 4T cilindros : 1 Potencia M\u00e1xima :(HP) 6<\/p>\n","protected":false},"featured_media":4638,"template":"","meta":{"site-sidebar-layout":"default","site-content-layout":"","ast-site-content-layout":"default","site-content-style":"default","site-sidebar-style":"default","ast-global-header-display":"","ast-banner-title-visibility":"","ast-main-header-display":"","ast-hfb-above-header-display":"","ast-hfb-below-header-display":"","ast-hfb-mobile-header-display":"","site-post-title":"","ast-breadcrumbs-content":"","ast-featured-img":"","footer-sml-layout":"","ast-disable-related-posts":"","theme-transparent-header-meta":"default","adv-header-id-meta":"","stick-header-meta":"default","header-above-stick-meta":"","header-main-stick-meta":"","header-below-stick-meta":"","astra-migrate-meta-layouts":"set","ast-page-background-enabled":"default","ast-page-background-meta":{"desktop":{"background-color":"","background-image":"","background-repeat":"repeat","background-position":"center center","background-size":"auto","background-attachment":"scroll","background-type":"","background-media":"","overlay-type":"","overlay-color":"","overlay-opacity":"","overlay-gradient":""},"tablet":{"background-color":"","background-image":"","background-repeat":"repeat","background-position":"center center","background-size":"auto","background-attachment":"scroll","background-type":"","background-media":"","overlay-type":"","overlay-color":"","overlay-opacity":"","overlay-gradient":""},"mobile":{"background-color":"","background-image":"","background-repeat":"repeat","background-position":"center center","background-size":"auto","background-attachment":"scroll","background-type":"","background-media":"","overlay-type":"","overlay-color":"","overlay-opacity":"","overlay-gradient":""}},"ast-content-background-meta":{"desktop":{"background-color":"var(--ast-global-color-5)","background-image":"","background-repeat":"repeat","background-position":"center center","background-size":"auto","background-attachment":"scroll","background-type":"","background-media":"","overlay-type":"","overlay-color":"","overlay-opacity":"","overlay-gradient":""},"tablet":{"background-color":"var(--ast-global-color-5)","background-image":"","background-repeat":"repeat","background-position":"center center","background-size":"auto","background-attachment":"scroll","background-type":"","background-media":"","overlay-type":"","overlay-color":"","overlay-opacity":"","overlay-gradient":""},"mobile":{"background-color":"var(--ast-global-color-5)","background-image":"","background-repeat":"repeat","background-position":"center center","background-size":"auto","background-attachment":"scroll","background-type":"","background-media":"","overlay-type":"","overlay-color":"","overlay-opacity":"","overlay-gradient":""}}},"product_brand":[],"product_cat":[124],"product_tag":[],"class_list":{"0":"post-4637","1":"product","2":"type-product","3":"status-publish","4":"has-post-thumbnail","6":"product_cat-4-tiempos-suzuki","7":"desktop-align-center","8":"tablet-align-left","9":"mobile-align-left","11":"first","12":"instock","13":"shipping-taxable","14":"product-type-simple"},"jetpack_sharing_enabled":true,"_links":{"self":[{"href":"https:\/\/massin.com.ar\/index.php\/wp-json\/wp\/v2\/product\/4637","targetHints":{"allow":["GET"]}}],"collection":[{"href":"https:\/\/massin.com.ar\/index.php\/wp-json\/wp\/v2\/product"}],"about":[{"href":"https:\/\/massin.com.ar\/index.php\/wp-json\/wp\/v2\/types\/product"}],"wp:featuredmedia":[{"embeddable":true,"href":"https:\/\/massin.com.ar\/index.php\/wp-json\/wp\/v2\/media\/4638"}],"wp:attachment":[{"href":"https:\/\/massin.com.ar\/index.php\/wp-json\/wp\/v2\/media?parent=4637"}],"wp:term":[{"taxonomy":"product_brand","embeddable":true,"href":"https:\/\/massin.com.ar\/index.php\/wp-json\/wp\/v2\/product_brand?post=4637"},{"taxonomy":"product_cat","embeddable":true,"href":"https:\/\/massin.com.ar\/index.php\/wp-json\/wp\/v2\/product_cat?post=4637"},{"taxonomy":"product_tag","embeddable":true,"href":"https:\/\/massin.com.ar\/index.php\/wp-json\/wp\/v2\/product_tag?post=4637"}],"curies":[{"name":"wp","href":"https:\/\/api.w.org\/{rel}","templated":true}]}}