{"id":4643,"date":"2025-04-09T19:37:25","date_gmt":"2025-04-09T22:37:25","guid":{"rendered":"https:\/\/massin.com.ar\/?post_type=product&#038;p=4643"},"modified":"2025-10-16T20:14:15","modified_gmt":"2025-10-16T23:14:15","slug":"suzuki-df20a","status":"publish","type":"product","link":"https:\/\/massin.com.ar\/index.php\/producto\/suzuki-df20a\/","title":{"rendered":"E-SUZUKI DF20A"},"content":{"rendered":"<pre id=\"tw-target-text\" class=\"tw-data-text tw-text-large tw-ta\" dir=\"ltr\" data-placeholder=\"Traducci\u00f3n\" data-ved=\"2ahUKEwjEzNvY6suMAxVTqpUCHQ9vB2wQ3ewLegQICRAV\" aria-label=\"Texto traducido: Color de la carrocer\u00eda Negro Nebular Perlado o Blanco Altura recomendada del espejo de popa (pulgadas) S: 15&quot; L: 20&quot; Sistema de arranque S: 15&quot; Manual y el\u00e9ctrico \/ L: 20&quot; El\u00e9ctrico Peso en libras S: Manual: 97 lbs; S: El\u00e9ctrico: 105 lbs \/ L: El\u00e9ctrico: 108 lbs Tipo de motor SOHC de 4 v\u00e1lvulas Sistema de suministro de combustible Inyecci\u00f3n electr\u00f3nica de combustible con mezcla pobre N.\u00b0 de cilindros 2 Cilindrada (pulgadas) 20.0 (327) Di\u00e1metro x carrera (pulgadas) 2.38 x 2.24 (60.4 x 57) Potencia m\u00e1xima de salida (HP) 20 Rango de operaci\u00f3n (RPM) 5000 - 6000 Direcci\u00f3n Ca\u00f1a del tim\u00f3n Estrujador N\/A - Suzuki EFI Capacidad del c\u00e1rter de aceite (cuartos de gal\u00f3n) 1.06 (1.0) Sistema de encendido CDI digital Alternador Manual 12 V 6 A \/ El\u00e9ctrico 12 V 12 A Posici\u00f3n de compensaci\u00f3n 5 posiciones de pasador de inclinaci\u00f3n y 2 ajustes para aguas poco profundas - Inclinaci\u00f3n el\u00e9ctrica opcional Relaci\u00f3n de transmisi\u00f3n 2.08:1 H\u00e9lice est\u00e1ndar 3 x 9.25 x 9 Selecci\u00f3n de h\u00e9lice 7 - 11\"><strong><span class=\"Y2IQFc\" lang=\"es\">Sistema de arranque :Manual y el\u00e9ctrico\r\nPeso : 45 kg \r\ncilindros : 2\r\nTipo de motor : 4T\r\nPotencia M\u00e1xima :(HP) 20\r\n\r\n\r\n\r\n\r\n<\/span><\/strong><\/pre>\n","protected":false},"excerpt":{"rendered":"<p>Sistema de arranque :Manual y el\u00e9ctrico Peso : 45 kg cilindros : 2 Tipo de motor : 4T Potencia M\u00e1xima :(HP) 20<\/p>\n","protected":false},"featured_media":4644,"template":"","meta":{"site-sidebar-layout":"default","site-content-layout":"","ast-site-content-layout":"default","site-content-style":"default","site-sidebar-style":"default","ast-global-header-display":"","ast-banner-title-visibility":"","ast-main-header-display":"","ast-hfb-above-header-display":"","ast-hfb-below-header-display":"","ast-hfb-mobile-header-display":"","site-post-title":"","ast-breadcrumbs-content":"","ast-featured-img":"","footer-sml-layout":"","ast-disable-related-posts":"","theme-transparent-header-meta":"default","adv-header-id-meta":"","stick-header-meta":"default","header-above-stick-meta":"","header-main-stick-meta":"","header-below-stick-meta":"","astra-migrate-meta-layouts":"set","ast-page-background-enabled":"default","ast-page-background-meta":{"desktop":{"background-color":"","background-image":"","background-repeat":"repeat","background-position":"center center","background-size":"auto","background-attachment":"scroll","background-type":"","background-media":"","overlay-type":"","overlay-color":"","overlay-opacity":"","overlay-gradient":""},"tablet":{"background-color":"","background-image":"","background-repeat":"repeat","background-position":"center center","background-size":"auto","background-attachment":"scroll","background-type":"","background-media":"","overlay-type":"","overlay-color":"","overlay-opacity":"","overlay-gradient":""},"mobile":{"background-color":"","background-image":"","background-repeat":"repeat","background-position":"center center","background-size":"auto","background-attachment":"scroll","background-type":"","background-media":"","overlay-type":"","overlay-color":"","overlay-opacity":"","overlay-gradient":""}},"ast-content-background-meta":{"desktop":{"background-color":"var(--ast-global-color-5)","background-image":"","background-repeat":"repeat","background-position":"center center","background-size":"auto","background-attachment":"scroll","background-type":"","background-media":"","overlay-type":"","overlay-color":"","overlay-opacity":"","overlay-gradient":""},"tablet":{"background-color":"var(--ast-global-color-5)","background-image":"","background-repeat":"repeat","background-position":"center center","background-size":"auto","background-attachment":"scroll","background-type":"","background-media":"","overlay-type":"","overlay-color":"","overlay-opacity":"","overlay-gradient":""},"mobile":{"background-color":"var(--ast-global-color-5)","background-image":"","background-repeat":"repeat","background-position":"center center","background-size":"auto","background-attachment":"scroll","background-type":"","background-media":"","overlay-type":"","overlay-color":"","overlay-opacity":"","overlay-gradient":""}}},"product_brand":[],"product_cat":[124],"product_tag":[],"class_list":{"0":"post-4643","1":"product","2":"type-product","3":"status-publish","4":"has-post-thumbnail","6":"product_cat-4-tiempos-suzuki","7":"desktop-align-center","8":"tablet-align-left","9":"mobile-align-left","11":"first","12":"instock","13":"shipping-taxable","14":"product-type-simple"},"jetpack_sharing_enabled":true,"_links":{"self":[{"href":"https:\/\/massin.com.ar\/index.php\/wp-json\/wp\/v2\/product\/4643","targetHints":{"allow":["GET"]}}],"collection":[{"href":"https:\/\/massin.com.ar\/index.php\/wp-json\/wp\/v2\/product"}],"about":[{"href":"https:\/\/massin.com.ar\/index.php\/wp-json\/wp\/v2\/types\/product"}],"wp:featuredmedia":[{"embeddable":true,"href":"https:\/\/massin.com.ar\/index.php\/wp-json\/wp\/v2\/media\/4644"}],"wp:attachment":[{"href":"https:\/\/massin.com.ar\/index.php\/wp-json\/wp\/v2\/media?parent=4643"}],"wp:term":[{"taxonomy":"product_brand","embeddable":true,"href":"https:\/\/massin.com.ar\/index.php\/wp-json\/wp\/v2\/product_brand?post=4643"},{"taxonomy":"product_cat","embeddable":true,"href":"https:\/\/massin.com.ar\/index.php\/wp-json\/wp\/v2\/product_cat?post=4643"},{"taxonomy":"product_tag","embeddable":true,"href":"https:\/\/massin.com.ar\/index.php\/wp-json\/wp\/v2\/product_tag?post=4643"}],"curies":[{"name":"wp","href":"https:\/\/api.w.org\/{rel}","templated":true}]}}