{"id":4780,"date":"2025-04-15T19:33:25","date_gmt":"2025-04-15T22:33:25","guid":{"rendered":"https:\/\/massin.com.ar\/?post_type=product&#038;p=4780"},"modified":"2025-07-01T20:15:19","modified_gmt":"2025-07-01T23:15:19","slug":"honda-bf200","status":"publish","type":"product","link":"https:\/\/massin.com.ar\/index.php\/producto\/honda-bf200\/","title":{"rendered":"J-HONDA BF200"},"content":{"rendered":"<table class=\"u-full-width product-desc-table\">\n<tbody>\n<tr>\n<td><strong>Tipo de Motor<\/strong><\/td>\n<td><strong>4 Cilindros\u00a0<\/strong><\/td>\n<\/tr>\n<tr>\n<td><strong>Cilindrada<\/strong><\/td>\n<td><strong>3583 cc<\/strong><\/td>\n<\/tr>\n<tr>\n<td><strong style=\"font-size: 16px;font-style: normal\">Sist. Enfriamiento<\/strong><\/td>\n<td><strong>Por Agua<\/strong><\/td>\n<\/tr>\n<tr>\n<td><strong>Sist. Combustible<\/strong><\/td>\n<td><strong>Inyecci\u00f3n Multipunto<\/strong><\/td>\n<\/tr>\n<tr>\n<td><strong>Sist. Arranque<\/strong><\/td>\n<td><strong>El\u00e9ctrico<\/strong><\/td>\n<\/tr>\n<tr>\n<td><strong>Escape<\/strong><\/td>\n<td>\u00a0<strong>A trav\u00e9s de la h\u00e9lice<\/strong><\/td>\n<\/tr>\n<tr>\n<td><strong>Sist. Lubricaci\u00f3n<\/strong><\/td>\n<td><strong>C\u00e1rter H\u00famedo<\/strong><\/td>\n<\/tr>\n<tr>\n<td><strong>Escape<\/strong><\/td>\n<td><strong>A trav\u00e9s de la h\u00e9lice<\/strong><\/td>\n<\/tr>\n<tr>\n<td><\/td>\n<td><\/td>\n<\/tr>\n<tr>\n<td><\/td>\n<td><\/td>\n<\/tr>\n<tr>\n<td><\/td>\n<td><\/td>\n<\/tr>\n<\/tbody>\n<\/table>\n","protected":false},"excerpt":{"rendered":"<p>Tipo de Motor 4 Cilindros\u00a0 Cilindrada 3583 cc Sist. Enfriamiento Por Agua Sist. Combustible Inyecci\u00f3n Multipunto Sist. Arranque El\u00e9ctrico Escape \u00a0A trav\u00e9s de la h\u00e9lice Sist. Lubricaci\u00f3n C\u00e1rter H\u00famedo Escape A trav\u00e9s de la h\u00e9lice<\/p>\n","protected":false},"featured_media":4781,"template":"","meta":{"site-sidebar-layout":"default","site-content-layout":"","ast-site-content-layout":"default","site-content-style":"default","site-sidebar-style":"default","ast-global-header-display":"","ast-banner-title-visibility":"","ast-main-header-display":"","ast-hfb-above-header-display":"","ast-hfb-below-header-display":"","ast-hfb-mobile-header-display":"","site-post-title":"","ast-breadcrumbs-content":"","ast-featured-img":"","footer-sml-layout":"","ast-disable-related-posts":"","theme-transparent-header-meta":"default","adv-header-id-meta":"","stick-header-meta":"default","header-above-stick-meta":"","header-main-stick-meta":"","header-below-stick-meta":"","astra-migrate-meta-layouts":"set","ast-page-background-enabled":"default","ast-page-background-meta":{"desktop":{"background-color":"","background-image":"","background-repeat":"repeat","background-position":"center center","background-size":"auto","background-attachment":"scroll","background-type":"","background-media":"","overlay-type":"","overlay-color":"","overlay-opacity":"","overlay-gradient":""},"tablet":{"background-color":"","background-image":"","background-repeat":"repeat","background-position":"center center","background-size":"auto","background-attachment":"scroll","background-type":"","background-media":"","overlay-type":"","overlay-color":"","overlay-opacity":"","overlay-gradient":""},"mobile":{"background-color":"","background-image":"","background-repeat":"repeat","background-position":"center center","background-size":"auto","background-attachment":"scroll","background-type":"","background-media":"","overlay-type":"","overlay-color":"","overlay-opacity":"","overlay-gradient":""}},"ast-content-background-meta":{"desktop":{"background-color":"var(--ast-global-color-5)","background-image":"","background-repeat":"repeat","background-position":"center center","background-size":"auto","background-attachment":"scroll","background-type":"","background-media":"","overlay-type":"","overlay-color":"","overlay-opacity":"","overlay-gradient":""},"tablet":{"background-color":"var(--ast-global-color-5)","background-image":"","background-repeat":"repeat","background-position":"center center","background-size":"auto","background-attachment":"scroll","background-type":"","background-media":"","overlay-type":"","overlay-color":"","overlay-opacity":"","overlay-gradient":""},"mobile":{"background-color":"var(--ast-global-color-5)","background-image":"","background-repeat":"repeat","background-position":"center center","background-size":"auto","background-attachment":"scroll","background-type":"","background-media":"","overlay-type":"","overlay-color":"","overlay-opacity":"","overlay-gradient":""}}},"product_brand":[],"product_cat":[100,98,64],"product_tag":[],"class_list":{"0":"post-4780","1":"product","2":"type-product","3":"status-publish","4":"has-post-thumbnail","6":"product_cat-4-tiempos","7":"product_cat-honda","8":"product_cat-motores","9":"desktop-align-center","10":"tablet-align-left","11":"mobile-align-left","13":"first","14":"instock","15":"shipping-taxable","16":"product-type-simple"},"jetpack_sharing_enabled":true,"_links":{"self":[{"href":"https:\/\/massin.com.ar\/index.php\/wp-json\/wp\/v2\/product\/4780","targetHints":{"allow":["GET"]}}],"collection":[{"href":"https:\/\/massin.com.ar\/index.php\/wp-json\/wp\/v2\/product"}],"about":[{"href":"https:\/\/massin.com.ar\/index.php\/wp-json\/wp\/v2\/types\/product"}],"wp:featuredmedia":[{"embeddable":true,"href":"https:\/\/massin.com.ar\/index.php\/wp-json\/wp\/v2\/media\/4781"}],"wp:attachment":[{"href":"https:\/\/massin.com.ar\/index.php\/wp-json\/wp\/v2\/media?parent=4780"}],"wp:term":[{"taxonomy":"product_brand","embeddable":true,"href":"https:\/\/massin.com.ar\/index.php\/wp-json\/wp\/v2\/product_brand?post=4780"},{"taxonomy":"product_cat","embeddable":true,"href":"https:\/\/massin.com.ar\/index.php\/wp-json\/wp\/v2\/product_cat?post=4780"},{"taxonomy":"product_tag","embeddable":true,"href":"https:\/\/massin.com.ar\/index.php\/wp-json\/wp\/v2\/product_tag?post=4780"}],"curies":[{"name":"wp","href":"https:\/\/api.w.org\/{rel}","templated":true}]}}