{"id":4782,"date":"2025-04-15T19:37:13","date_gmt":"2025-04-15T22:37:13","guid":{"rendered":"https:\/\/massin.com.ar\/?post_type=product&#038;p=4782"},"modified":"2025-07-01T20:19:56","modified_gmt":"2025-07-01T23:19:56","slug":"honda-bf250","status":"publish","type":"product","link":"https:\/\/massin.com.ar\/index.php\/producto\/honda-bf250\/","title":{"rendered":"K-HONDA  BF250"},"content":{"rendered":"<table class=\"u-full-width product-desc-table\">\n<tbody>\n<tr>\n<td><strong>Tipo de Motor<\/strong><\/td>\n<td><strong>4 Cilindros<\/strong><\/td>\n<\/tr>\n<tr>\n<td><strong>Cilindrada<\/strong><\/td>\n<td><strong>3583 cc<\/strong><\/td>\n<\/tr>\n<tr>\n<td><strong>Sistema de Enfriamiento<\/strong><\/td>\n<td><strong>Refrigerado por Agua<\/strong><\/td>\n<\/tr>\n<tr>\n<td><strong>Sistema de Combustible<\/strong><\/td>\n<td><strong>Inyecci\u00f3n Electr\u00f3nica Programada<\/strong><\/td>\n<\/tr>\n<tr>\n<td><strong>Sistema de Arranque<\/strong><\/td>\n<td><strong>El\u00e9ctrico<\/strong><\/td>\n<\/tr>\n<tr>\n<td><strong>Escape<\/strong><\/td>\n<td><strong>A Trav\u00e9s de la H\u00e9lice<\/strong><\/td>\n<\/tr>\n<tr>\n<td><strong>Sistema de Lubricaci\u00f3n<\/strong><\/td>\n<td>\u00a0<strong>Car\u00e1cter H\u00famedo<\/strong><\/td>\n<\/tr>\n<tr>\n<td><\/td>\n<td><\/td>\n<\/tr>\n<tr>\n<td><\/td>\n<td><\/td>\n<\/tr>\n<tr>\n<td><\/td>\n<td><\/td>\n<\/tr>\n<\/tbody>\n<\/table>\n","protected":false},"excerpt":{"rendered":"<p>Tipo de Motor 4 Cilindros Cilindrada 3583 cc Sistema de Enfriamiento Refrigerado por Agua Sistema de Combustible Inyecci\u00f3n Electr\u00f3nica Programada Sistema de Arranque El\u00e9ctrico Escape A Trav\u00e9s de la H\u00e9lice Sistema de Lubricaci\u00f3n \u00a0Car\u00e1cter H\u00famedo<\/p>\n","protected":false},"featured_media":4783,"template":"","meta":{"site-sidebar-layout":"default","site-content-layout":"","ast-site-content-layout":"default","site-content-style":"default","site-sidebar-style":"default","ast-global-header-display":"","ast-banner-title-visibility":"","ast-main-header-display":"","ast-hfb-above-header-display":"","ast-hfb-below-header-display":"","ast-hfb-mobile-header-display":"","site-post-title":"","ast-breadcrumbs-content":"","ast-featured-img":"","footer-sml-layout":"","ast-disable-related-posts":"","theme-transparent-header-meta":"default","adv-header-id-meta":"","stick-header-meta":"default","header-above-stick-meta":"","header-main-stick-meta":"","header-below-stick-meta":"","astra-migrate-meta-layouts":"set","ast-page-background-enabled":"default","ast-page-background-meta":{"desktop":{"background-color":"","background-image":"","background-repeat":"repeat","background-position":"center center","background-size":"auto","background-attachment":"scroll","background-type":"","background-media":"","overlay-type":"","overlay-color":"","overlay-opacity":"","overlay-gradient":""},"tablet":{"background-color":"","background-image":"","background-repeat":"repeat","background-position":"center center","background-size":"auto","background-attachment":"scroll","background-type":"","background-media":"","overlay-type":"","overlay-color":"","overlay-opacity":"","overlay-gradient":""},"mobile":{"background-color":"","background-image":"","background-repeat":"repeat","background-position":"center center","background-size":"auto","background-attachment":"scroll","background-type":"","background-media":"","overlay-type":"","overlay-color":"","overlay-opacity":"","overlay-gradient":""}},"ast-content-background-meta":{"desktop":{"background-color":"var(--ast-global-color-5)","background-image":"","background-repeat":"repeat","background-position":"center center","background-size":"auto","background-attachment":"scroll","background-type":"","background-media":"","overlay-type":"","overlay-color":"","overlay-opacity":"","overlay-gradient":""},"tablet":{"background-color":"var(--ast-global-color-5)","background-image":"","background-repeat":"repeat","background-position":"center center","background-size":"auto","background-attachment":"scroll","background-type":"","background-media":"","overlay-type":"","overlay-color":"","overlay-opacity":"","overlay-gradient":""},"mobile":{"background-color":"var(--ast-global-color-5)","background-image":"","background-repeat":"repeat","background-position":"center center","background-size":"auto","background-attachment":"scroll","background-type":"","background-media":"","overlay-type":"","overlay-color":"","overlay-opacity":"","overlay-gradient":""}}},"product_brand":[],"product_cat":[100,98,64],"product_tag":[],"class_list":{"0":"post-4782","1":"product","2":"type-product","3":"status-publish","4":"has-post-thumbnail","6":"product_cat-4-tiempos","7":"product_cat-honda","8":"product_cat-motores","9":"desktop-align-center","10":"tablet-align-left","11":"mobile-align-left","13":"first","14":"instock","15":"shipping-taxable","16":"product-type-simple"},"jetpack_sharing_enabled":true,"_links":{"self":[{"href":"https:\/\/massin.com.ar\/index.php\/wp-json\/wp\/v2\/product\/4782","targetHints":{"allow":["GET"]}}],"collection":[{"href":"https:\/\/massin.com.ar\/index.php\/wp-json\/wp\/v2\/product"}],"about":[{"href":"https:\/\/massin.com.ar\/index.php\/wp-json\/wp\/v2\/types\/product"}],"wp:featuredmedia":[{"embeddable":true,"href":"https:\/\/massin.com.ar\/index.php\/wp-json\/wp\/v2\/media\/4783"}],"wp:attachment":[{"href":"https:\/\/massin.com.ar\/index.php\/wp-json\/wp\/v2\/media?parent=4782"}],"wp:term":[{"taxonomy":"product_brand","embeddable":true,"href":"https:\/\/massin.com.ar\/index.php\/wp-json\/wp\/v2\/product_brand?post=4782"},{"taxonomy":"product_cat","embeddable":true,"href":"https:\/\/massin.com.ar\/index.php\/wp-json\/wp\/v2\/product_cat?post=4782"},{"taxonomy":"product_tag","embeddable":true,"href":"https:\/\/massin.com.ar\/index.php\/wp-json\/wp\/v2\/product_tag?post=4782"}],"curies":[{"name":"wp","href":"https:\/\/api.w.org\/{rel}","templated":true}]}}