{"id":6271,"date":"2025-09-22T18:50:12","date_gmt":"2025-09-22T21:50:12","guid":{"rendered":"https:\/\/massin.com.ar\/?post_type=product&#038;p=6271"},"modified":"2026-01-15T19:10:17","modified_gmt":"2026-01-15T22:10:17","slug":"canestrari-225-cuddy","status":"publish","type":"product","link":"https:\/\/massin.com.ar\/index.php\/producto\/canestrari-225-cuddy\/","title":{"rendered":"G-CANESTRARI 225 CUDDY"},"content":{"rendered":"<p><span class=\"titulo\">ESPECIFICACIONES<\/span><\/p>\n<div class=\"especificaciones\">Propulsi\u00f3n<\/div>\n<div class=\"caracteristicas Der last\">250 a 320 hp<\/div>\n<div class=\"especificaciones\">Eslora<\/div>\n<div class=\"caracteristicas Der last\">6,80 mts<\/div>\n<div class=\"especificaciones\">Manga<\/div>\n<div class=\"caracteristicas Der last\">2,60 mts<\/div>\n<div class=\"especificaciones\">Puntal<\/div>\n<div class=\"caracteristicas Der last\">1,45 mts<\/div>\n<div class=\"especificaciones\">Agua potable<\/div>\n<div class=\"caracteristicas Der last\">Agua potable 60 litros<\/div>\n<div class=\"especificaciones\">Capacidad<\/div>\n<div class=\"caracteristicas Der last\">6 personas<\/div>\n<div><\/div>\n<div><\/div>\n<div><\/div>\n<div>\n<p><span class=\"titulo\">ACCESORIOS<\/span><\/p>\n<div class=\"caracteristicas\"><\/div>\n<div class=\"caracteristicas\">\n<ul>\n<li>Tono de cockpit<\/li>\n<li>Corte selector de bater\u00eda<\/li>\n<li>Bimini top<\/li>\n<li>Estereo<\/li>\n<li>2 bombas de achique<\/li>\n<li>Inodoro el\u00e9ctrico<\/li>\n<li>2 bater\u00edas<\/li>\n<li>Cancamo de ski<\/li>\n<li>Escalera extensible<\/li>\n<li>Extractor de gases<\/li>\n<li>Mesa rebatible<\/li>\n<li>Respaldo popa extensible<\/li>\n<\/ul>\n<\/div>\n<\/div>\n","protected":false},"excerpt":{"rendered":"<p>ESPECIFICACIONES Propulsi\u00f3n 250 a 320 hp Eslora 6,80 mts Manga 2,60 mts Puntal 1,45 mts Agua potable Agua potable 60 litros Capacidad 6 personas ACCESORIOS Tono de cockpit Corte selector de bater\u00eda Bimini top Estereo 2 bombas de achique Inodoro el\u00e9ctrico 2 bater\u00edas Cancamo de ski Escalera extensible Extractor de gases Mesa rebatible Respaldo popa [&hellip;]<\/p>\n","protected":false},"featured_media":6383,"template":"","meta":{"site-sidebar-layout":"default","site-content-layout":"","ast-site-content-layout":"default","site-content-style":"default","site-sidebar-style":"default","ast-global-header-display":"","ast-banner-title-visibility":"","ast-main-header-display":"","ast-hfb-above-header-display":"","ast-hfb-below-header-display":"","ast-hfb-mobile-header-display":"","site-post-title":"","ast-breadcrumbs-content":"","ast-featured-img":"","footer-sml-layout":"","ast-disable-related-posts":"","theme-transparent-header-meta":"default","adv-header-id-meta":"","stick-header-meta":"default","header-above-stick-meta":"","header-main-stick-meta":"","header-below-stick-meta":"","astra-migrate-meta-layouts":"set","ast-page-background-enabled":"default","ast-page-background-meta":{"desktop":{"background-color":"","background-image":"","background-repeat":"repeat","background-position":"center center","background-size":"auto","background-attachment":"scroll","background-type":"","background-media":"","overlay-type":"","overlay-color":"","overlay-opacity":"","overlay-gradient":""},"tablet":{"background-color":"","background-image":"","background-repeat":"repeat","background-position":"center center","background-size":"auto","background-attachment":"scroll","background-type":"","background-media":"","overlay-type":"","overlay-color":"","overlay-opacity":"","overlay-gradient":""},"mobile":{"background-color":"","background-image":"","background-repeat":"repeat","background-position":"center center","background-size":"auto","background-attachment":"scroll","background-type":"","background-media":"","overlay-type":"","overlay-color":"","overlay-opacity":"","overlay-gradient":""}},"ast-content-background-meta":{"desktop":{"background-color":"var(--ast-global-color-5)","background-image":"","background-repeat":"repeat","background-position":"center center","background-size":"auto","background-attachment":"scroll","background-type":"","background-media":"","overlay-type":"","overlay-color":"","overlay-opacity":"","overlay-gradient":""},"tablet":{"background-color":"var(--ast-global-color-5)","background-image":"","background-repeat":"repeat","background-position":"center center","background-size":"auto","background-attachment":"scroll","background-type":"","background-media":"","overlay-type":"","overlay-color":"","overlay-opacity":"","overlay-gradient":""},"mobile":{"background-color":"var(--ast-global-color-5)","background-image":"","background-repeat":"repeat","background-position":"center center","background-size":"auto","background-attachment":"scroll","background-type":"","background-media":"","overlay-type":"","overlay-color":"","overlay-opacity":"","overlay-gradient":""}}},"product_brand":[],"product_cat":[121],"product_tag":[],"class_list":{"0":"post-6271","1":"product","2":"type-product","3":"status-publish","4":"has-post-thumbnail","6":"product_cat-canestrari","7":"desktop-align-center","8":"tablet-align-left","9":"mobile-align-left","11":"first","12":"instock","13":"shipping-taxable","14":"product-type-simple"},"jetpack_sharing_enabled":true,"_links":{"self":[{"href":"https:\/\/massin.com.ar\/index.php\/wp-json\/wp\/v2\/product\/6271","targetHints":{"allow":["GET"]}}],"collection":[{"href":"https:\/\/massin.com.ar\/index.php\/wp-json\/wp\/v2\/product"}],"about":[{"href":"https:\/\/massin.com.ar\/index.php\/wp-json\/wp\/v2\/types\/product"}],"wp:featuredmedia":[{"embeddable":true,"href":"https:\/\/massin.com.ar\/index.php\/wp-json\/wp\/v2\/media\/6383"}],"wp:attachment":[{"href":"https:\/\/massin.com.ar\/index.php\/wp-json\/wp\/v2\/media?parent=6271"}],"wp:term":[{"taxonomy":"product_brand","embeddable":true,"href":"https:\/\/massin.com.ar\/index.php\/wp-json\/wp\/v2\/product_brand?post=6271"},{"taxonomy":"product_cat","embeddable":true,"href":"https:\/\/massin.com.ar\/index.php\/wp-json\/wp\/v2\/product_cat?post=6271"},{"taxonomy":"product_tag","embeddable":true,"href":"https:\/\/massin.com.ar\/index.php\/wp-json\/wp\/v2\/product_tag?post=6271"}],"curies":[{"name":"wp","href":"https:\/\/api.w.org\/{rel}","templated":true}]}}