{"id":6324,"date":"2025-09-23T18:25:46","date_gmt":"2025-09-23T21:25:46","guid":{"rendered":"https:\/\/massin.com.ar\/?post_type=product&#038;p=6324"},"modified":"2026-04-01T18:11:35","modified_gmt":"2026-04-01T21:11:35","slug":"k-canestrari-280-avant-garde","status":"publish","type":"product","link":"https:\/\/massin.com.ar\/index.php\/producto\/k-canestrari-280-avant-garde\/","title":{"rendered":"K-CANESTRARI 280 AVANT GARDE"},"content":{"rendered":"<p><span class=\"titulo\">ESPECIFICACIONES<\/span><\/p>\n<div class=\"especificaciones\">Propulsi\u00f3n<\/div>\n<div class=\"caracteristicas Der last\">400 a 500 hp<\/div>\n<div class=\"especificaciones\">Eslora<\/div>\n<div class=\"caracteristicas Der last\">8,20 mts<\/div>\n<div class=\"especificaciones\">Manga<\/div>\n<div class=\"caracteristicas Der last\">2,60 mts<\/div>\n<div class=\"especificaciones\">Puntal<\/div>\n<div class=\"caracteristicas Der last\">1,85 mts<\/div>\n<div class=\"especificaciones\">Agua potable<\/div>\n<div class=\"caracteristicas Der last\">100 lts<\/div>\n<div class=\"especificaciones\">Combustible<\/div>\n<div class=\"caracteristicas Der last\">220 lts<\/div>\n<div class=\"especificaciones\">Capacidad<\/div>\n<div class=\"caracteristicas Der last\">12 personas<\/div>\n<div><\/div>\n<div>\n<p><span class=\"titulo\">ACCESORIOS<\/span><\/p>\n<div class=\"caracteristicas\"><\/div>\n<div class=\"caracteristicas\">\n<ul>\n<li>Ecosonda<\/li>\n<li>V.h.f<\/li>\n<li>Est\u00e9reo con 4 parlantes<\/li>\n<li>2 bater\u00edas con corte selector<\/li>\n<li>Inverter-Cargador de bater\u00eda<\/li>\n<li>2 bombas de achique<\/li>\n<li>Instalaci\u00f3n 220 volt<\/li>\n<li>Luces de cortes\u00eda<\/li>\n<li>Tono de cockpit<\/li>\n<li>Bimini top<\/li>\n<li>Cerramiento completo<\/li>\n<li>Termotanque<\/li>\n<li>Microondas<\/li>\n<li>Heladera<\/li>\n<li>Inodoro<\/li>\n<li>Duchador de popa frio calor<\/li>\n<li>Escalera extensible<\/li>\n<li>Respaldo popa rebatible<\/li>\n<li>Malacate el\u00e9ctrico<\/li>\n<li>Mesa desmontable<\/li>\n<li>Ojos de buey con apertura y mosquitero<\/li>\n<\/ul>\n<\/div>\n<\/div>\n","protected":false},"excerpt":{"rendered":"<p>ESPECIFICACIONES Propulsi\u00f3n 400 a 500 hp Eslora 8,20 mts Manga 2,60 mts Puntal 1,85 mts Agua potable 100 lts Combustible 220 lts Capacidad 12 personas ACCESORIOS Ecosonda V.h.f Est\u00e9reo con 4 parlantes 2 bater\u00edas con corte selector Inverter-Cargador de bater\u00eda 2 bombas de achique Instalaci\u00f3n 220 volt Luces de cortes\u00eda Tono de cockpit Bimini top [&hellip;]<\/p>\n","protected":false},"featured_media":6328,"template":"","meta":{"site-sidebar-layout":"default","site-content-layout":"","ast-site-content-layout":"default","site-content-style":"default","site-sidebar-style":"default","ast-global-header-display":"","ast-banner-title-visibility":"","ast-main-header-display":"","ast-hfb-above-header-display":"","ast-hfb-below-header-display":"","ast-hfb-mobile-header-display":"","site-post-title":"","ast-breadcrumbs-content":"","ast-featured-img":"","footer-sml-layout":"","ast-disable-related-posts":"","theme-transparent-header-meta":"default","adv-header-id-meta":"","stick-header-meta":"default","header-above-stick-meta":"","header-main-stick-meta":"","header-below-stick-meta":"","astra-migrate-meta-layouts":"set","ast-page-background-enabled":"default","ast-page-background-meta":{"desktop":{"background-color":"","background-image":"","background-repeat":"repeat","background-position":"center center","background-size":"auto","background-attachment":"scroll","background-type":"","background-media":"","overlay-type":"","overlay-color":"","overlay-opacity":"","overlay-gradient":""},"tablet":{"background-color":"","background-image":"","background-repeat":"repeat","background-position":"center center","background-size":"auto","background-attachment":"scroll","background-type":"","background-media":"","overlay-type":"","overlay-color":"","overlay-opacity":"","overlay-gradient":""},"mobile":{"background-color":"","background-image":"","background-repeat":"repeat","background-position":"center center","background-size":"auto","background-attachment":"scroll","background-type":"","background-media":"","overlay-type":"","overlay-color":"","overlay-opacity":"","overlay-gradient":""}},"ast-content-background-meta":{"desktop":{"background-color":"var(--ast-global-color-5)","background-image":"","background-repeat":"repeat","background-position":"center center","background-size":"auto","background-attachment":"scroll","background-type":"","background-media":"","overlay-type":"","overlay-color":"","overlay-opacity":"","overlay-gradient":""},"tablet":{"background-color":"var(--ast-global-color-5)","background-image":"","background-repeat":"repeat","background-position":"center center","background-size":"auto","background-attachment":"scroll","background-type":"","background-media":"","overlay-type":"","overlay-color":"","overlay-opacity":"","overlay-gradient":""},"mobile":{"background-color":"var(--ast-global-color-5)","background-image":"","background-repeat":"repeat","background-position":"center center","background-size":"auto","background-attachment":"scroll","background-type":"","background-media":"","overlay-type":"","overlay-color":"","overlay-opacity":"","overlay-gradient":""}}},"product_brand":[],"product_cat":[121],"product_tag":[],"class_list":{"0":"post-6324","1":"product","2":"type-product","3":"status-publish","4":"has-post-thumbnail","6":"product_cat-canestrari","7":"desktop-align-center","8":"tablet-align-left","9":"mobile-align-left","11":"first","12":"instock","13":"shipping-taxable","14":"product-type-simple"},"jetpack_sharing_enabled":true,"_links":{"self":[{"href":"https:\/\/massin.com.ar\/index.php\/wp-json\/wp\/v2\/product\/6324","targetHints":{"allow":["GET"]}}],"collection":[{"href":"https:\/\/massin.com.ar\/index.php\/wp-json\/wp\/v2\/product"}],"about":[{"href":"https:\/\/massin.com.ar\/index.php\/wp-json\/wp\/v2\/types\/product"}],"wp:featuredmedia":[{"embeddable":true,"href":"https:\/\/massin.com.ar\/index.php\/wp-json\/wp\/v2\/media\/6328"}],"wp:attachment":[{"href":"https:\/\/massin.com.ar\/index.php\/wp-json\/wp\/v2\/media?parent=6324"}],"wp:term":[{"taxonomy":"product_brand","embeddable":true,"href":"https:\/\/massin.com.ar\/index.php\/wp-json\/wp\/v2\/product_brand?post=6324"},{"taxonomy":"product_cat","embeddable":true,"href":"https:\/\/massin.com.ar\/index.php\/wp-json\/wp\/v2\/product_cat?post=6324"},{"taxonomy":"product_tag","embeddable":true,"href":"https:\/\/massin.com.ar\/index.php\/wp-json\/wp\/v2\/product_tag?post=6324"}],"curies":[{"name":"wp","href":"https:\/\/api.w.org\/{rel}","templated":true}]}}